{"id":382,"date":"2016-07-05T07:26:17","date_gmt":"2016-07-05T07:26:17","guid":{"rendered":"http:\/\/eram.ch\/fr\/?page_id=382"},"modified":"2016-07-20T10:17:26","modified_gmt":"2016-07-20T10:17:26","slug":"assurance-de-qualite","status":"publish","type":"page","link":"https:\/\/eram.ch\/fr\/technologies\/assurance-de-qualite\/","title":{"rendered":"Assurance de Qualit\u00e9"},"content":{"rendered":"<h1>ASSURANCE QUALIT\u00c9<\/h1>\n<div class=\"floatbox\">\n<div class=\"contentWysiwyg\">\n<p>En mettant la qualit\u00e9 au coeur de sa philosophie, la soci\u00e9t\u00e9 ERAM parvient \u00e0 satisfaire les clients les plus exigeants. Les r\u00e9sultats exceptionnels obtenus sont le fruit d&#8217;une exp\u00e9rience acquise sur de longues annn\u00e9es et de la prise en compte de l&#8217;\u00e9volution des techniques.<\/p>\n<p>&nbsp;<\/p>\n<p>ERAM est certifi\u00e9 ISO depuis 1991 (ISO 9001).\u00a0En continuant nos efforts pour am\u00e9liorer nos services, nous avons obtenu\u00a0 la certification ISO 14001 en 2007 et la certification ISO 13485\u00a0en 2010.<\/p>\n<p>&nbsp;<\/p>\n<p>Nous ne sommes actuellement pas certifi\u00e9s ISO TS 16949, mais pouvons vous faire parvenir tous les documents selon PPAP niveau 1 \u00e0 5.<\/p>\n<p>&nbsp;<\/p>\n<\/div>\n\n\t\t<style type=\"text\/css\">\n\t\t\t#gallery-1 {\n\t\t\t\tmargin: auto;\n\t\t\t}\n\t\t\t#gallery-1 .gallery-item {\n\t\t\t\tfloat: left;\n\t\t\t\tmargin-top: 10px;\n\t\t\t\ttext-align: center;\n\t\t\t\twidth: 33%;\n\t\t\t}\n\t\t\t#gallery-1 img {\n\t\t\t\tborder: 2px solid #cfcfcf;\n\t\t\t}\n\t\t\t#gallery-1 .gallery-caption {\n\t\t\t\tmargin-left: 0;\n\t\t\t}\n\t\t\t\/* see gallery_shortcode() in wp-includes\/media.php *\/\n\t\t<\/style>\n\t\t<div id='gallery-1' class='gallery galleryid-382 gallery-columns-3 gallery-size-medium'><dl class='gallery-item'>\n\t\t\t<dt class='gallery-icon portrait'>\n\t\t\t\t<a href='https:\/\/eram.ch\/wp-content\/uploads\/2016\/07\/gross_ISO_9001_14001_13485_FR.jpg'><img width=\"212\" height=\"300\" src=\"https:\/\/eram.ch\/wp-content\/uploads\/2016\/07\/gross_ISO_9001_14001_13485_FR-212x300.jpg\" class=\"attachment-medium size-medium\" alt=\"\" decoding=\"async\" loading=\"lazy\" srcset=\"https:\/\/eram.ch\/wp-content\/uploads\/2016\/07\/gross_ISO_9001_14001_13485_FR-212x300.jpg 212w, https:\/\/eram.ch\/wp-content\/uploads\/2016\/07\/gross_ISO_9001_14001_13485_FR-768x1086.jpg 768w, https:\/\/eram.ch\/wp-content\/uploads\/2016\/07\/gross_ISO_9001_14001_13485_FR-724x1024.jpg 724w, https:\/\/eram.ch\/wp-content\/uploads\/2016\/07\/gross_ISO_9001_14001_13485_FR.jpg 1654w\" sizes=\"(max-width: 212px) 100vw, 212px\" \/><\/a>\n\t\t\t<\/dt><\/dl>\n\t\t\t<br style='clear: both' \/>\n\t\t<\/div>\n\n<\/div>\n","protected":false},"excerpt":{"rendered":"<p>ASSURANCE QUALIT\u00c9 En mettant la qualit\u00e9 au coeur de sa philosophie, la soci\u00e9t\u00e9 ERAM parvient \u00e0 satisfaire les clients les plus exigeants. Les r\u00e9sultats exceptionnels obtenus sont le fruit d&#8217;une exp\u00e9rience acquise sur de longues annn\u00e9es et de la prise en compte de l&#8217;\u00e9volution des techniques. &nbsp; ERAM est certifi\u00e9 ISO depuis 1991 (ISO 9001).\u00a0En [&hellip;]<\/p>\n","protected":false},"author":1,"featured_media":145,"parent":371,"menu_order":0,"comment_status":"closed","ping_status":"closed","template":"","meta":[],"_links":{"self":[{"href":"https:\/\/eram.ch\/fr\/wp-json\/wp\/v2\/pages\/382\/"}],"collection":[{"href":"https:\/\/eram.ch\/fr\/wp-json\/wp\/v2\/pages\/"}],"about":[{"href":"https:\/\/eram.ch\/fr\/wp-json\/wp\/v2\/types\/page\/"}],"author":[{"embeddable":true,"href":"https:\/\/eram.ch\/fr\/wp-json\/wp\/v2\/users\/1\/"}],"replies":[{"embeddable":true,"href":"https:\/\/eram.ch\/fr\/wp-json\/wp\/v2\/comments\/?post=382"}],"version-history":[{"count":6,"href":"https:\/\/eram.ch\/fr\/wp-json\/wp\/v2\/pages\/382\/revisions\/"}],"predecessor-version":[{"id":981,"href":"https:\/\/eram.ch\/fr\/wp-json\/wp\/v2\/pages\/382\/revisions\/981\/"}],"up":[{"embeddable":true,"href":"https:\/\/eram.ch\/fr\/wp-json\/wp\/v2\/pages\/371\/"}],"wp:featuredmedia":[{"embeddable":true,"href":"https:\/\/eram.ch\/fr\/wp-json\/wp\/v2\/media\/145\/"}],"wp:attachment":[{"href":"https:\/\/eram.ch\/fr\/wp-json\/wp\/v2\/media\/?parent=382"}],"curies":[{"name":"wp","href":"https:\/\/api.w.org\/{rel}","templated":true}]}}