{"id":378,"date":"2016-07-05T07:24:40","date_gmt":"2016-07-05T07:24:40","guid":{"rendered":"http:\/\/eram.ch\/fr\/?page_id=378"},"modified":"2017-03-13T09:39:46","modified_gmt":"2017-03-13T09:39:46","slug":"materiaux","status":"publish","type":"page","link":"https:\/\/eram.ch\/fr\/technologies\/materiaux\/","title":{"rendered":"Mat\u00e9riaux"},"content":{"rendered":"<h1>MATI\u00c8RES<\/h1>\n<div class=\"floatbox\">\n<h2>M\u00e9taux<\/h2>\n<div class=\"contentWysiwyg\">\n<ul>\n<li>Alliages\u00a0d&#8217;acier\u00a0(trempable, inox, acier de d\u00e9colletage)<\/li>\n<li>M\u00e9taux non ferreux (laiton, cuivre, bronze, maillechort)<\/li>\n<li>M\u00e9taux durs ( Ni-Co, Cermet, NMT)<\/li>\n<li>M\u00e9taux pr\u00e9cieux (or, titane, platine)<\/li>\n<\/ul>\n<\/div>\n<\/div>\n<div class=\"contentDokumente\"><\/div>\n<div class=\"floatbox\">\n<h2>Autres<\/h2>\n<div class=\"contentWysiwyg\">\n<ul>\n<li>Mati\u00e8res\u00a0plastiques\u00a0(z.B.: POM, Polymer, PEEK)<\/li>\n<li>C\u00e9ramique<\/li>\n<li>Rubis<\/li>\n<\/ul>\n<\/div>\n<\/div>\n","protected":false},"excerpt":{"rendered":"<p>MATI\u00c8RES M\u00e9taux Alliages\u00a0d&#8217;acier\u00a0(trempable, inox, acier de d\u00e9colletage) M\u00e9taux non ferreux (laiton, cuivre, bronze, maillechort) M\u00e9taux durs ( Ni-Co, Cermet, NMT) M\u00e9taux pr\u00e9cieux (or, titane, platine) Autres Mati\u00e8res\u00a0plastiques\u00a0(z.B.: POM, Polymer, PEEK) C\u00e9ramique Rubis<\/p>\n","protected":false},"author":1,"featured_media":145,"parent":371,"menu_order":0,"comment_status":"closed","ping_status":"closed","template":"","meta":[],"_links":{"self":[{"href":"https:\/\/eram.ch\/fr\/wp-json\/wp\/v2\/pages\/378\/"}],"collection":[{"href":"https:\/\/eram.ch\/fr\/wp-json\/wp\/v2\/pages\/"}],"about":[{"href":"https:\/\/eram.ch\/fr\/wp-json\/wp\/v2\/types\/page\/"}],"author":[{"embeddable":true,"href":"https:\/\/eram.ch\/fr\/wp-json\/wp\/v2\/users\/1\/"}],"replies":[{"embeddable":true,"href":"https:\/\/eram.ch\/fr\/wp-json\/wp\/v2\/comments\/?post=378"}],"version-history":[{"count":4,"href":"https:\/\/eram.ch\/fr\/wp-json\/wp\/v2\/pages\/378\/revisions\/"}],"predecessor-version":[{"id":893,"href":"https:\/\/eram.ch\/fr\/wp-json\/wp\/v2\/pages\/378\/revisions\/893\/"}],"up":[{"embeddable":true,"href":"https:\/\/eram.ch\/fr\/wp-json\/wp\/v2\/pages\/371\/"}],"wp:featuredmedia":[{"embeddable":true,"href":"https:\/\/eram.ch\/fr\/wp-json\/wp\/v2\/media\/145\/"}],"wp:attachment":[{"href":"https:\/\/eram.ch\/fr\/wp-json\/wp\/v2\/media\/?parent=378"}],"curies":[{"name":"wp","href":"https:\/\/api.w.org\/{rel}","templated":true}]}}