{"id":374,"date":"2016-07-05T07:23:20","date_gmt":"2016-07-05T07:23:20","guid":{"rendered":"http:\/\/eram.ch\/fr\/?page_id=374"},"modified":"2016-07-05T07:23:20","modified_gmt":"2016-07-05T07:23:20","slug":"fabrication","status":"publish","type":"page","link":"https:\/\/eram.ch\/fr\/technologies\/fabrication\/","title":{"rendered":"Fabrication"},"content":{"rendered":"<h1>FABRICATION<\/h1>\n<div class=\"floatbox\">\n<div class=\"contentWysiwyg\">\n<ul>\n<li>Machines \u00e0 poup\u00e9e mobile (Machines\u00a0\u00e0 cames et CNC avec outils rotatifs)<\/li>\n<li>Machines \u00e0 poup\u00e9e fixe (Machines \u00e0 cames et CNC avec outils rotatifs)<\/li>\n<li>Machines transfers<\/li>\n<li>Machines Esco<\/li>\n<li>Fraiseuses automatiques<\/li>\n<li>Centres d&#8217;usinage<\/li>\n<li>Machines \u00e0 rectifier<\/li>\n<li>etc&#8230;<\/li>\n<\/ul>\n<\/div>\n<\/div>\n","protected":false},"excerpt":{"rendered":"<p>FABRICATION Machines \u00e0 poup\u00e9e mobile (Machines\u00a0\u00e0 cames et CNC avec outils rotatifs) Machines \u00e0 poup\u00e9e fixe (Machines \u00e0 cames et CNC avec outils rotatifs) Machines transfers Machines Esco Fraiseuses automatiques Centres d&#8217;usinage Machines \u00e0 rectifier etc&#8230;<\/p>\n","protected":false},"author":1,"featured_media":145,"parent":371,"menu_order":0,"comment_status":"closed","ping_status":"closed","template":"","meta":[],"_links":{"self":[{"href":"https:\/\/eram.ch\/fr\/wp-json\/wp\/v2\/pages\/374\/"}],"collection":[{"href":"https:\/\/eram.ch\/fr\/wp-json\/wp\/v2\/pages\/"}],"about":[{"href":"https:\/\/eram.ch\/fr\/wp-json\/wp\/v2\/types\/page\/"}],"author":[{"embeddable":true,"href":"https:\/\/eram.ch\/fr\/wp-json\/wp\/v2\/users\/1\/"}],"replies":[{"embeddable":true,"href":"https:\/\/eram.ch\/fr\/wp-json\/wp\/v2\/comments\/?post=374"}],"version-history":[{"count":1,"href":"https:\/\/eram.ch\/fr\/wp-json\/wp\/v2\/pages\/374\/revisions\/"}],"predecessor-version":[{"id":376,"href":"https:\/\/eram.ch\/fr\/wp-json\/wp\/v2\/pages\/374\/revisions\/376\/"}],"up":[{"embeddable":true,"href":"https:\/\/eram.ch\/fr\/wp-json\/wp\/v2\/pages\/371\/"}],"wp:featuredmedia":[{"embeddable":true,"href":"https:\/\/eram.ch\/fr\/wp-json\/wp\/v2\/media\/145\/"}],"wp:attachment":[{"href":"https:\/\/eram.ch\/fr\/wp-json\/wp\/v2\/media\/?parent=374"}],"curies":[{"name":"wp","href":"https:\/\/api.w.org\/{rel}","templated":true}]}}