{"id":371,"date":"2016-07-05T07:20:14","date_gmt":"2016-07-05T07:20:14","guid":{"rendered":"http:\/\/eram.ch\/fr\/?page_id=371"},"modified":"2017-03-30T08:38:57","modified_gmt":"2017-03-30T08:38:57","slug":"technologies","status":"publish","type":"page","link":"https:\/\/eram.ch\/fr\/technologies\/","title":{"rendered":"Technologies"},"content":{"rendered":"<p>Nous sommes en mesure de fournir des pi\u00e8ces tourn\u00e9es et des composants de hautes pr\u00e9cisions \u00e0 des prix concurrentiels pour tous les secteurs industriels. Nos pi\u00e8ces\u00a0sont fabriqu\u00e9es, soit\u00a0par notre propre site de production, soit par nos partenaires qualifi\u00e9s de longue date.\u00a0 Nous sommes sp\u00e9cialis\u00e9s dans la fabrication de pi\u00e8ces mesurant de \u00d8 0.2 \u00e0 60mm,mais nous pouvons \u00e9galement produire\u00a0des pi\u00e8ces de diam\u00e0tre sup\u00e9rieur sur demande. Nous livrons \u00e9galement des pr\u00e8ces pr\u00eates \u00e0 \u00eatre mont\u00e9es des sous-ensembles (montage partiel).<\/p>\n","protected":false},"excerpt":{"rendered":"<p>Nous sommes en mesure de fournir des pi\u00e8ces tourn\u00e9es et des composants de hautes pr\u00e9cisions \u00e0 des prix concurrentiels pour tous les secteurs industriels. Nos pi\u00e8ces\u00a0sont fabriqu\u00e9es, soit\u00a0par notre propre site de production, soit par nos partenaires qualifi\u00e9s de longue date.\u00a0 Nous sommes sp\u00e9cialis\u00e9s dans la fabrication de pi\u00e8ces mesurant de \u00d8 0.2 \u00e0 60mm,mais [&hellip;]<\/p>\n","protected":false},"author":1,"featured_media":145,"parent":0,"menu_order":0,"comment_status":"closed","ping_status":"closed","template":"","meta":[],"_links":{"self":[{"href":"https:\/\/eram.ch\/fr\/wp-json\/wp\/v2\/pages\/371\/"}],"collection":[{"href":"https:\/\/eram.ch\/fr\/wp-json\/wp\/v2\/pages\/"}],"about":[{"href":"https:\/\/eram.ch\/fr\/wp-json\/wp\/v2\/types\/page\/"}],"author":[{"embeddable":true,"href":"https:\/\/eram.ch\/fr\/wp-json\/wp\/v2\/users\/1\/"}],"replies":[{"embeddable":true,"href":"https:\/\/eram.ch\/fr\/wp-json\/wp\/v2\/comments\/?post=371"}],"version-history":[{"count":3,"href":"https:\/\/eram.ch\/fr\/wp-json\/wp\/v2\/pages\/371\/revisions\/"}],"predecessor-version":[{"id":978,"href":"https:\/\/eram.ch\/fr\/wp-json\/wp\/v2\/pages\/371\/revisions\/978\/"}],"wp:featuredmedia":[{"embeddable":true,"href":"https:\/\/eram.ch\/fr\/wp-json\/wp\/v2\/media\/145\/"}],"wp:attachment":[{"href":"https:\/\/eram.ch\/fr\/wp-json\/wp\/v2\/media\/?parent=371"}],"curies":[{"name":"wp","href":"https:\/\/api.w.org\/{rel}","templated":true}]}}