{"id":352,"date":"2016-07-05T07:09:40","date_gmt":"2016-07-05T07:09:40","guid":{"rendered":"http:\/\/eram.ch\/fr\/?page_id=352"},"modified":"2017-03-30T11:32:48","modified_gmt":"2017-03-30T11:32:48","slug":"charte","status":"publish","type":"page","link":"https:\/\/eram.ch\/fr\/entreprise\/charte\/","title":{"rendered":"Charte"},"content":{"rendered":"<h1>CHARTE<\/h1>\n<div class=\"floatbox\">\n<h2>Vision<\/h2>\n<div class=\"contentWysiwyg\">\n<p>En tant que prestataire de pointe dans le domaine de la vente de pi\u00e8ces de pr\u00e9cision de haute qualit\u00e9, nous sommes mondialement reconnu.<\/p>\n<\/div>\n<\/div>\n<div class=\"contentDokumente\"><\/div>\n<div class=\"floatbox\">\n<h2>Mission<\/h2>\n<div class=\"contentWysiwyg\">\n<p>Nous vendons sur tous les continents des pi\u00e8ces de pr\u00e9cision de haute qualit\u00e9 fabriqu\u00e9es en Suisse.<\/p>\n<\/div>\n<\/div>\n<div class=\"contentDokumente\"><\/div>\n<div class=\"floatbox\">\n<h2>Principes Directeurs<\/h2>\n<div class=\"contentWysiwyg\">\n<p><strong>Clients<\/strong><br \/>\nLes besoins et la satisfaction de nos clients sont au centre de notre fa\u00e7on de penser et d\u2019agir. Les clients nous consid\u00e8rent comme un partenaire digne de confiance, faisant preuve de souplesse et de\u00a0comp\u00e9titivit\u00e9.<\/p>\n<p><strong>Qualit\u00e9<\/strong><br \/>\nNos produits sont de haute qualit\u00e9.<\/p>\n<p><strong>Rentabilit\u00e9<\/strong><br \/>\nA travers une croissance quantitative et un b\u00e9n\u00e9fice appropri\u00e9 r\u00e9sultant d\u2019une mani\u00e8re d\u2019agir entreprenariale, nous parvenons \u00e0 renforcer notre position de leader sur le march\u00e9 suisse.<\/p>\n<p><strong>Comportement<\/strong><br \/>\nPar notre comportement orient\u00e9 sur la valeur, la comp\u00e9tence et la motivation, nous sommes en mesure de r\u00e9aliser nos objectifs.<\/p>\n<p><strong>Collaborateurs et collaboratrices<\/strong><br \/>\nNous encourageons et exigeons de mani\u00e8re cons\u00e9quente le d\u00e9veloppement d\u2019un comportement orient\u00e9 sur la valeur ainsi que sur la comp\u00e9tence technique et personnelle. En outre, nous cr\u00e9ons un environnement optimal favorisant la Motivation de nos collaborateurs.<\/p>\n<p><strong>Fournisseurs<\/strong><br \/>\nAvec nos fournisseurs, nous nous effor\u00e7ons de collaborer sur une base de partenariat.<\/p>\n<p><strong>Concurrents<\/strong><br \/>\nNous respectons nos concurrents et adoptons depuis toujours un comportement loyal.<\/p>\n<p><strong>Soci\u00e9t\u00e9<\/strong><br \/>\nNous respectons les lois en vigueur sur nos divers march\u00e9s. Nous entreprenons tout ce qui est en notre pouvoir pour favoriser une mani\u00e8re d\u2019agir \u00e9cologique.<\/p>\n<\/div>\n<\/div>\n","protected":false},"excerpt":{"rendered":"<p>CHARTE Vision En tant que prestataire de pointe dans le domaine de la vente de pi\u00e8ces de pr\u00e9cision de haute qualit\u00e9, nous sommes mondialement reconnu. Mission Nous vendons sur tous les continents des pi\u00e8ces de pr\u00e9cision de haute qualit\u00e9 fabriqu\u00e9es en Suisse. Principes Directeurs Clients Les besoins et la satisfaction de nos clients sont au [&hellip;]<\/p>\n","protected":false},"author":1,"featured_media":160,"parent":335,"menu_order":0,"comment_status":"closed","ping_status":"closed","template":"","meta":[],"_links":{"self":[{"href":"https:\/\/eram.ch\/fr\/wp-json\/wp\/v2\/pages\/352\/"}],"collection":[{"href":"https:\/\/eram.ch\/fr\/wp-json\/wp\/v2\/pages\/"}],"about":[{"href":"https:\/\/eram.ch\/fr\/wp-json\/wp\/v2\/types\/page\/"}],"author":[{"embeddable":true,"href":"https:\/\/eram.ch\/fr\/wp-json\/wp\/v2\/users\/1\/"}],"replies":[{"embeddable":true,"href":"https:\/\/eram.ch\/fr\/wp-json\/wp\/v2\/comments\/?post=352"}],"version-history":[{"count":7,"href":"https:\/\/eram.ch\/fr\/wp-json\/wp\/v2\/pages\/352\/revisions\/"}],"predecessor-version":[{"id":980,"href":"https:\/\/eram.ch\/fr\/wp-json\/wp\/v2\/pages\/352\/revisions\/980\/"}],"up":[{"embeddable":true,"href":"https:\/\/eram.ch\/fr\/wp-json\/wp\/v2\/pages\/335\/"}],"wp:featuredmedia":[{"embeddable":true,"href":"https:\/\/eram.ch\/fr\/wp-json\/wp\/v2\/media\/160\/"}],"wp:attachment":[{"href":"https:\/\/eram.ch\/fr\/wp-json\/wp\/v2\/media\/?parent=352"}],"curies":[{"name":"wp","href":"https:\/\/api.w.org\/{rel}","templated":true}]}}