{"id":348,"date":"2016-07-05T07:03:02","date_gmt":"2016-07-05T07:03:02","guid":{"rendered":"http:\/\/eram.ch\/fr\/?page_id=348"},"modified":"2017-03-30T08:34:26","modified_gmt":"2017-03-30T08:34:26","slug":"bref-portrait","status":"publish","type":"page","link":"https:\/\/eram.ch\/fr\/entreprise\/bref-portrait\/","title":{"rendered":"Bref Portrait"},"content":{"rendered":"<div class=\"contentWysiwyg\">\n<p>La soci\u00e9t\u00e9 ERAM \u00e0 \u00e9t\u00e9 fond\u00e9e en 1945. Son si\u00e8ge est \u00e0 Allschwil\/B\u00e2le, Suisse.\u00a0Notre \u00e9quipe de collaborateurs motiv\u00e9e et exp\u00e9riment\u00e9e met tout en oeuvre pour satisfaire les besoins de notre client\u00e8le internationale.<\/p>\n<p>&nbsp;<\/p>\n<p>Notre priorit\u00e9 consiste \u00e0 livrer des pi\u00e8ces de tr\u00e8s haute qualit\u00e9. Nos Solutions de fabrication ne se basent pas uniquement sur nos propres comp\u00e9tences, mais \u00e9galement sur la base tr\u00e8s \u00e9tendue de nos partenaires sp\u00e9cialis\u00e9s. En tant que prestataire multiple, nous sommes en mesure d&#8217;offrir pour chaque pi\u00e8ce la technologie ad\u00e9quate.<\/p>\n<p>&nbsp;<\/p>\n<p>Nous apportons une contribution significative \u00e0 la protection de l&#8217;environnement en r\u00e9duisant \u00e0 un minimum la pollution de l\u2019environnement. Nous nous engageons \u00e0 l\u2019am\u00e9lioration continue de la performance environnementale et\u00a0au respecte de\u00a0la loi.<\/p>\n<p>&nbsp;<\/p>\n<\/div>\n<p><img decoding=\"async\" class=\"left\" src=\"http:\/\/eram.ch\/wp-content\/uploads\/2016\/07\/DSC_0006A_Beschriftung.jpg\" \/><\/p>\n","protected":false},"excerpt":{"rendered":"<p>La soci\u00e9t\u00e9 ERAM \u00e0 \u00e9t\u00e9 fond\u00e9e en 1945. Son si\u00e8ge est \u00e0 Allschwil\/B\u00e2le, Suisse.\u00a0Notre \u00e9quipe de collaborateurs motiv\u00e9e et exp\u00e9riment\u00e9e met tout en oeuvre pour satisfaire les besoins de notre client\u00e8le internationale. &nbsp; Notre priorit\u00e9 consiste \u00e0 livrer des pi\u00e8ces de tr\u00e8s haute qualit\u00e9. Nos Solutions de fabrication ne se basent pas uniquement sur nos [&hellip;]<\/p>\n","protected":false},"author":1,"featured_media":160,"parent":335,"menu_order":0,"comment_status":"closed","ping_status":"closed","template":"","meta":[],"_links":{"self":[{"href":"https:\/\/eram.ch\/fr\/wp-json\/wp\/v2\/pages\/348\/"}],"collection":[{"href":"https:\/\/eram.ch\/fr\/wp-json\/wp\/v2\/pages\/"}],"about":[{"href":"https:\/\/eram.ch\/fr\/wp-json\/wp\/v2\/types\/page\/"}],"author":[{"embeddable":true,"href":"https:\/\/eram.ch\/fr\/wp-json\/wp\/v2\/users\/1\/"}],"replies":[{"embeddable":true,"href":"https:\/\/eram.ch\/fr\/wp-json\/wp\/v2\/comments\/?post=348"}],"version-history":[{"count":6,"href":"https:\/\/eram.ch\/fr\/wp-json\/wp\/v2\/pages\/348\/revisions\/"}],"predecessor-version":[{"id":976,"href":"https:\/\/eram.ch\/fr\/wp-json\/wp\/v2\/pages\/348\/revisions\/976\/"}],"up":[{"embeddable":true,"href":"https:\/\/eram.ch\/fr\/wp-json\/wp\/v2\/pages\/335\/"}],"wp:featuredmedia":[{"embeddable":true,"href":"https:\/\/eram.ch\/fr\/wp-json\/wp\/v2\/media\/160\/"}],"wp:attachment":[{"href":"https:\/\/eram.ch\/fr\/wp-json\/wp\/v2\/media\/?parent=348"}],"curies":[{"name":"wp","href":"https:\/\/api.w.org\/{rel}","templated":true}]}}