{"id":329,"date":"2016-07-05T06:47:53","date_gmt":"2016-07-05T06:47:53","guid":{"rendered":"http:\/\/eram.ch\/fr\/?page_id=329"},"modified":"2017-03-28T09:21:00","modified_gmt":"2017-03-28T09:21:00","slug":"assurance-de-qualite","status":"publish","type":"page","link":"https:\/\/eram.ch\/fr\/branches\/divers\/assurance-de-qualite\/","title":{"rendered":"Assurance de qualit\u00e9"},"content":{"rendered":"<p>Avant la livraison chaque lot passe par notre contr\u00f4le de qualit\u00e9. Nos techniciens qualit\u00e9 font le n\u00e9cessaire afin que vos pi\u00e8ces de d\u00e9colletage livr\u00e9es soient d&#8217;une qualit\u00e9 irr\u00e9prochable. Nous utilisons pour cela des appareils de mesure des plus modernes. Sur demande, nous pouvons \u00e9galement, avec chaque livraison, joindre les documents de qualit\u00e9 n\u00e9cessaires.<\/p>\n<p>&nbsp;<\/p>\n","protected":false},"excerpt":{"rendered":"<p>Avant la livraison chaque lot passe par notre contr\u00f4le de qualit\u00e9. Nos techniciens qualit\u00e9 font le n\u00e9cessaire afin que vos pi\u00e8ces de d\u00e9colletage livr\u00e9es soient d&#8217;une qualit\u00e9 irr\u00e9prochable. Nous utilisons pour cela des appareils de mesure des plus modernes. Sur demande, nous pouvons \u00e9galement, avec chaque livraison, joindre les documents de qualit\u00e9 n\u00e9cessaires. &nbsp;<\/p>\n","protected":false},"author":1,"featured_media":97,"parent":321,"menu_order":0,"comment_status":"closed","ping_status":"closed","template":"","meta":[],"_links":{"self":[{"href":"https:\/\/eram.ch\/fr\/wp-json\/wp\/v2\/pages\/329\/"}],"collection":[{"href":"https:\/\/eram.ch\/fr\/wp-json\/wp\/v2\/pages\/"}],"about":[{"href":"https:\/\/eram.ch\/fr\/wp-json\/wp\/v2\/types\/page\/"}],"author":[{"embeddable":true,"href":"https:\/\/eram.ch\/fr\/wp-json\/wp\/v2\/users\/1\/"}],"replies":[{"embeddable":true,"href":"https:\/\/eram.ch\/fr\/wp-json\/wp\/v2\/comments\/?post=329"}],"version-history":[{"count":3,"href":"https:\/\/eram.ch\/fr\/wp-json\/wp\/v2\/pages\/329\/revisions\/"}],"predecessor-version":[{"id":969,"href":"https:\/\/eram.ch\/fr\/wp-json\/wp\/v2\/pages\/329\/revisions\/969\/"}],"up":[{"embeddable":true,"href":"https:\/\/eram.ch\/fr\/wp-json\/wp\/v2\/pages\/321\/"}],"wp:featuredmedia":[{"embeddable":true,"href":"https:\/\/eram.ch\/fr\/wp-json\/wp\/v2\/media\/97\/"}],"wp:attachment":[{"href":"https:\/\/eram.ch\/fr\/wp-json\/wp\/v2\/media\/?parent=329"}],"curies":[{"name":"wp","href":"https:\/\/api.w.org\/{rel}","templated":true}]}}