{"id":310,"date":"2016-07-05T05:22:31","date_gmt":"2016-07-05T05:22:31","guid":{"rendered":"http:\/\/eram.ch\/fr\/?page_id=310"},"modified":"2016-07-07T09:55:33","modified_gmt":"2016-07-07T09:55:33","slug":"optique","status":"publish","type":"page","link":"https:\/\/eram.ch\/fr\/branches\/optique\/","title":{"rendered":"Optique"},"content":{"rendered":"<h1>DOMAINE D&#8217;UTILISATION<\/h1>\n<div class=\"floatbox\">\n<div class=\"contentWysiwyg\">\n<ul>\n<li>Microscopes<\/li>\n<li>Jumelles<\/li>\n<li>Lunettes de vis\u00e9e<\/li>\n<li>Endoscopes<\/li>\n<\/ul>\n<\/div>\n<\/div>\n<div class=\"contentDokumente\"><\/div>\n<div class=\"floatbox\">\n&nbsp;<br \/>\n&nbsp;<\/p>\n<h2>Pi\u00e8ces utilis\u00e9es<\/h2>\n<div class=\"contentWysiwyg\">\n<ul>\n<li>Oculaire<\/li>\n<li>Bagues de r\u00e9glage<\/li>\n<\/ul>\n<\/div>\n<\/div>\n","protected":false},"excerpt":{"rendered":"<p>DOMAINE D&#8217;UTILISATION Microscopes Jumelles Lunettes de vis\u00e9e Endoscopes &nbsp; &nbsp; Pi\u00e8ces utilis\u00e9es Oculaire Bagues de r\u00e9glage<\/p>\n","protected":false},"author":1,"featured_media":307,"parent":265,"menu_order":0,"comment_status":"closed","ping_status":"closed","template":"","meta":[],"_links":{"self":[{"href":"https:\/\/eram.ch\/fr\/wp-json\/wp\/v2\/pages\/310\/"}],"collection":[{"href":"https:\/\/eram.ch\/fr\/wp-json\/wp\/v2\/pages\/"}],"about":[{"href":"https:\/\/eram.ch\/fr\/wp-json\/wp\/v2\/types\/page\/"}],"author":[{"embeddable":true,"href":"https:\/\/eram.ch\/fr\/wp-json\/wp\/v2\/users\/1\/"}],"replies":[{"embeddable":true,"href":"https:\/\/eram.ch\/fr\/wp-json\/wp\/v2\/comments\/?post=310"}],"version-history":[{"count":2,"href":"https:\/\/eram.ch\/fr\/wp-json\/wp\/v2\/pages\/310\/revisions\/"}],"predecessor-version":[{"id":683,"href":"https:\/\/eram.ch\/fr\/wp-json\/wp\/v2\/pages\/310\/revisions\/683\/"}],"up":[{"embeddable":true,"href":"https:\/\/eram.ch\/fr\/wp-json\/wp\/v2\/pages\/265\/"}],"wp:featuredmedia":[{"embeddable":true,"href":"https:\/\/eram.ch\/fr\/wp-json\/wp\/v2\/media\/307\/"}],"wp:attachment":[{"href":"https:\/\/eram.ch\/fr\/wp-json\/wp\/v2\/media\/?parent=310"}],"curies":[{"name":"wp","href":"https:\/\/api.w.org\/{rel}","templated":true}]}}