{"id":302,"date":"2016-07-05T05:18:00","date_gmt":"2016-07-05T05:18:00","guid":{"rendered":"http:\/\/eram.ch\/fr\/?page_id=302"},"modified":"2016-07-20T09:40:56","modified_gmt":"2016-07-20T09:40:56","slug":"assurance-de-qualite","status":"publish","type":"page","link":"https:\/\/eram.ch\/fr\/branches\/medical\/assurance-de-qualite\/","title":{"rendered":"Assurance de qualit\u00e9"},"content":{"rendered":"<p>Nous sommes certifi\u00e9s ISO 13485 depuis 2010 et nous nous tenons rigoureusement \u00e0 toutes les r\u00e8gles concernant les fournisseurs de pi\u00e8ces de pr\u00e9cisions pour la technique m\u00e9dicale. Nos cinq techniciens qualit\u00e9 font en sorte que chaque livraison soit contr\u00f4l\u00e9e avant d&#8217;\u00eatre exp\u00e9di\u00e9e. Pour cela nous utilisons des appareils de mesure \u00e0 la pointe de la technologie.<\/p>\n","protected":false},"excerpt":{"rendered":"<p>Nous sommes certifi\u00e9s ISO 13485 depuis 2010 et nous nous tenons rigoureusement \u00e0 toutes les r\u00e8gles concernant les fournisseurs de pi\u00e8ces de pr\u00e9cisions pour la technique m\u00e9dicale. Nos cinq techniciens qualit\u00e9 font en sorte que chaque livraison soit contr\u00f4l\u00e9e avant d&#8217;\u00eatre exp\u00e9di\u00e9e. Pour cela nous utilisons des appareils de mesure \u00e0 la pointe de la [&hellip;]<\/p>\n","protected":false},"author":1,"featured_media":788,"parent":272,"menu_order":0,"comment_status":"closed","ping_status":"closed","template":"","meta":[],"_links":{"self":[{"href":"https:\/\/eram.ch\/fr\/wp-json\/wp\/v2\/pages\/302\/"}],"collection":[{"href":"https:\/\/eram.ch\/fr\/wp-json\/wp\/v2\/pages\/"}],"about":[{"href":"https:\/\/eram.ch\/fr\/wp-json\/wp\/v2\/types\/page\/"}],"author":[{"embeddable":true,"href":"https:\/\/eram.ch\/fr\/wp-json\/wp\/v2\/users\/1\/"}],"replies":[{"embeddable":true,"href":"https:\/\/eram.ch\/fr\/wp-json\/wp\/v2\/comments\/?post=302"}],"version-history":[{"count":1,"href":"https:\/\/eram.ch\/fr\/wp-json\/wp\/v2\/pages\/302\/revisions\/"}],"predecessor-version":[{"id":303,"href":"https:\/\/eram.ch\/fr\/wp-json\/wp\/v2\/pages\/302\/revisions\/303\/"}],"up":[{"embeddable":true,"href":"https:\/\/eram.ch\/fr\/wp-json\/wp\/v2\/pages\/272\/"}],"wp:featuredmedia":[{"embeddable":true,"href":"https:\/\/eram.ch\/fr\/wp-json\/wp\/v2\/media\/788\/"}],"wp:attachment":[{"href":"https:\/\/eram.ch\/fr\/wp-json\/wp\/v2\/media\/?parent=302"}],"curies":[{"name":"wp","href":"https:\/\/api.w.org\/{rel}","templated":true}]}}