{"id":295,"date":"2016-07-04T21:05:42","date_gmt":"2016-07-04T21:05:42","guid":{"rendered":"http:\/\/eram.ch\/fr\/?page_id=295"},"modified":"2017-03-28T09:21:55","modified_gmt":"2017-03-28T09:21:55","slug":"assurance-de-qualite","status":"publish","type":"page","link":"https:\/\/eram.ch\/fr\/branches\/279-2\/assurance-de-qualite\/","title":{"rendered":"Assurance de qualit\u00e9"},"content":{"rendered":"<p>Avant la livraison chaque lot passe par notre contr\u00f4le de qualit\u00e9. Nos techniciens qualit\u00e9 font le n\u00e9cessaire afin que vos pi\u00e8ces de d\u00e9colletage livr\u00e9es soient d&#8217;une qualit\u00e9 irr\u00e9prochable. Nous utilisons pour cela des appareils de mesure des plus modernes. Sur demande, nous pouvons \u00e9galement, avec chaque livraison, joindre les documents de qualit\u00e9 n\u00e9cessaires.<\/p>\n","protected":false},"excerpt":{"rendered":"<p>Avant la livraison chaque lot passe par notre contr\u00f4le de qualit\u00e9. Nos techniciens qualit\u00e9 font le n\u00e9cessaire afin que vos pi\u00e8ces de d\u00e9colletage livr\u00e9es soient d&#8217;une qualit\u00e9 irr\u00e9prochable. Nous utilisons pour cela des appareils de mesure des plus modernes. Sur demande, nous pouvons \u00e9galement, avec chaque livraison, joindre les documents de qualit\u00e9 n\u00e9cessaires.<\/p>\n","protected":false},"author":1,"featured_media":790,"parent":279,"menu_order":0,"comment_status":"closed","ping_status":"closed","template":"","meta":[],"_links":{"self":[{"href":"https:\/\/eram.ch\/fr\/wp-json\/wp\/v2\/pages\/295\/"}],"collection":[{"href":"https:\/\/eram.ch\/fr\/wp-json\/wp\/v2\/pages\/"}],"about":[{"href":"https:\/\/eram.ch\/fr\/wp-json\/wp\/v2\/types\/page\/"}],"author":[{"embeddable":true,"href":"https:\/\/eram.ch\/fr\/wp-json\/wp\/v2\/users\/1\/"}],"replies":[{"embeddable":true,"href":"https:\/\/eram.ch\/fr\/wp-json\/wp\/v2\/comments\/?post=295"}],"version-history":[{"count":2,"href":"https:\/\/eram.ch\/fr\/wp-json\/wp\/v2\/pages\/295\/revisions\/"}],"predecessor-version":[{"id":970,"href":"https:\/\/eram.ch\/fr\/wp-json\/wp\/v2\/pages\/295\/revisions\/970\/"}],"up":[{"embeddable":true,"href":"https:\/\/eram.ch\/fr\/wp-json\/wp\/v2\/pages\/279\/"}],"wp:featuredmedia":[{"embeddable":true,"href":"https:\/\/eram.ch\/fr\/wp-json\/wp\/v2\/media\/790\/"}],"wp:attachment":[{"href":"https:\/\/eram.ch\/fr\/wp-json\/wp\/v2\/media\/?parent=295"}],"curies":[{"name":"wp","href":"https:\/\/api.w.org\/{rel}","templated":true}]}}