{"id":279,"date":"2016-07-04T20:43:03","date_gmt":"2016-07-04T20:43:03","guid":{"rendered":"http:\/\/eram.ch\/fr\/?page_id=279"},"modified":"2016-07-20T09:45:03","modified_gmt":"2016-07-20T09:45:03","slug":"279-2","status":"publish","type":"page","link":"https:\/\/eram.ch\/fr\/branches\/279-2\/","title":{"rendered":"Industrie"},"content":{"rendered":"<h1>DOMAINE D&#8217;UTILISATION<\/h1>\n<div class=\"floatbox\">\n<div class=\"contentWysiwyg\">\n<ul>\n<li>Technique de mesure<\/li>\n<li>Pneumatique<\/li>\n<li>Hydraulique<\/li>\n<li>Electronique<\/li>\n<\/ul>\n<\/div>\n<\/div>\n<div class=\"contentDokumente\"><\/div>\n<div class=\"floatbox\">\n&nbsp;<\/p>\n<h2>Pi\u00e8ces utilis\u00e9es<\/h2>\n<div class=\"contentWysiwyg\">\n<ul>\n<li>Axes<\/li>\n<li>Pompes<\/li>\n<li>Valves<\/li>\n<li>Bo\u00eetiers<\/li>\n<\/ul>\n<\/div>\n<\/div>\n","protected":false},"excerpt":{"rendered":"<p>DOMAINE D&#8217;UTILISATION Technique de mesure Pneumatique Hydraulique Electronique &nbsp; Pi\u00e8ces utilis\u00e9es Axes Pompes Valves Bo\u00eetiers<\/p>\n","protected":false},"author":1,"featured_media":790,"parent":265,"menu_order":0,"comment_status":"closed","ping_status":"closed","template":"","meta":[],"_links":{"self":[{"href":"https:\/\/eram.ch\/fr\/wp-json\/wp\/v2\/pages\/279\/"}],"collection":[{"href":"https:\/\/eram.ch\/fr\/wp-json\/wp\/v2\/pages\/"}],"about":[{"href":"https:\/\/eram.ch\/fr\/wp-json\/wp\/v2\/types\/page\/"}],"author":[{"embeddable":true,"href":"https:\/\/eram.ch\/fr\/wp-json\/wp\/v2\/users\/1\/"}],"replies":[{"embeddable":true,"href":"https:\/\/eram.ch\/fr\/wp-json\/wp\/v2\/comments\/?post=279"}],"version-history":[{"count":2,"href":"https:\/\/eram.ch\/fr\/wp-json\/wp\/v2\/pages\/279\/revisions\/"}],"predecessor-version":[{"id":281,"href":"https:\/\/eram.ch\/fr\/wp-json\/wp\/v2\/pages\/279\/revisions\/281\/"}],"up":[{"embeddable":true,"href":"https:\/\/eram.ch\/fr\/wp-json\/wp\/v2\/pages\/265\/"}],"wp:featuredmedia":[{"embeddable":true,"href":"https:\/\/eram.ch\/fr\/wp-json\/wp\/v2\/media\/790\/"}],"wp:attachment":[{"href":"https:\/\/eram.ch\/fr\/wp-json\/wp\/v2\/media\/?parent=279"}],"curies":[{"name":"wp","href":"https:\/\/api.w.org\/{rel}","templated":true}]}}