{"id":272,"date":"2016-07-04T20:37:41","date_gmt":"2016-07-04T20:37:41","guid":{"rendered":"http:\/\/eram.ch\/fr\/?page_id=272"},"modified":"2016-07-20T09:37:52","modified_gmt":"2016-07-20T09:37:52","slug":"medical","status":"publish","type":"page","link":"https:\/\/eram.ch\/fr\/branches\/medical\/","title":{"rendered":"M\u00e9dical"},"content":{"rendered":"<h1>DOMAINE D&#8217;UTILISATION<\/h1>\n<div class=\"floatbox\">\n<div class=\"contentWysiwyg\">\n<ul>\n<li>Appareils auditifs<\/li>\n<li>Appareils analytiques<\/li>\n<li>Industrie dentaire<\/li>\n<li>Chirurgie<\/li>\n<\/ul>\n<\/div>\n<\/div>\n<div class=\"contentDokumente\"><\/div>\n<div class=\"floatbox\">\n<p>&nbsp;<\/p>\n<h2>Pi\u00e8ces utilis\u00e9es<\/h2>\n<div class=\"contentWysiwyg\">\n<ul>\n<li>Proth\u00e8ses<\/li>\n<li>Micropompes<\/li>\n<li>Endoscopes<\/li>\n<\/ul>\n<\/div>\n<\/div>\n","protected":false},"excerpt":{"rendered":"<p>DOMAINE D&#8217;UTILISATION Appareils auditifs Appareils analytiques Industrie dentaire Chirurgie &nbsp; Pi\u00e8ces utilis\u00e9es Proth\u00e8ses Micropompes Endoscopes<\/p>\n","protected":false},"author":1,"featured_media":788,"parent":265,"menu_order":0,"comment_status":"closed","ping_status":"closed","template":"","meta":[],"_links":{"self":[{"href":"https:\/\/eram.ch\/fr\/wp-json\/wp\/v2\/pages\/272\/"}],"collection":[{"href":"https:\/\/eram.ch\/fr\/wp-json\/wp\/v2\/pages\/"}],"about":[{"href":"https:\/\/eram.ch\/fr\/wp-json\/wp\/v2\/types\/page\/"}],"author":[{"embeddable":true,"href":"https:\/\/eram.ch\/fr\/wp-json\/wp\/v2\/users\/1\/"}],"replies":[{"embeddable":true,"href":"https:\/\/eram.ch\/fr\/wp-json\/wp\/v2\/comments\/?post=272"}],"version-history":[{"count":1,"href":"https:\/\/eram.ch\/fr\/wp-json\/wp\/v2\/pages\/272\/revisions\/"}],"predecessor-version":[{"id":273,"href":"https:\/\/eram.ch\/fr\/wp-json\/wp\/v2\/pages\/272\/revisions\/273\/"}],"up":[{"embeddable":true,"href":"https:\/\/eram.ch\/fr\/wp-json\/wp\/v2\/pages\/265\/"}],"wp:featuredmedia":[{"embeddable":true,"href":"https:\/\/eram.ch\/fr\/wp-json\/wp\/v2\/media\/788\/"}],"wp:attachment":[{"href":"https:\/\/eram.ch\/fr\/wp-json\/wp\/v2\/media\/?parent=272"}],"curies":[{"name":"wp","href":"https:\/\/api.w.org\/{rel}","templated":true}]}}