{"id":265,"date":"2016-07-04T20:27:40","date_gmt":"2016-07-04T20:27:40","guid":{"rendered":"http:\/\/eram.ch\/fr\/?page_id=265"},"modified":"2016-07-20T09:19:20","modified_gmt":"2016-07-20T09:19:20","slug":"branches","status":"publish","type":"page","link":"https:\/\/eram.ch\/fr\/branches\/","title":{"rendered":"Branches"},"content":{"rendered":"<h1>DOMAINE D&#8217;UTILISATION<\/h1>\n<div class=\"floatbox\">\n<div class=\"contentWysiwyg\">\n<ul>\n<li>Automobile<\/li>\n<li>\n<div>Aviation<\/div>\n<\/li>\n<li>\n<div>V\u00e9los<\/div>\n<\/li>\n<li>\n<div>Camions<\/div>\n<\/li>\n<\/ul>\n<\/div>\n<\/div>\n<div class=\"contentDokumente\"><\/div>\n<div class=\"floatbox\">\n<h2>Pi\u00e8ces utilis\u00e9es<\/h2>\n<div class=\"contentWysiwyg\">\n<ul>\n<li>Chargeurs turbo<\/li>\n<li>Syst\u00e8mes de s\u00e9curit\u00e9<\/li>\n<li>Hydraulique<\/li>\n<li>Paliers de transmission<\/li>\n<\/ul>\n<\/div>\n<\/div>\n","protected":false},"excerpt":{"rendered":"<p>DOMAINE D&#8217;UTILISATION Automobile Aviation V\u00e9los Camions Pi\u00e8ces utilis\u00e9es Chargeurs turbo Syst\u00e8mes de s\u00e9curit\u00e9 Hydraulique Paliers de transmission<\/p>\n","protected":false},"author":1,"featured_media":789,"parent":0,"menu_order":0,"comment_status":"closed","ping_status":"closed","template":"","meta":[],"_links":{"self":[{"href":"https:\/\/eram.ch\/fr\/wp-json\/wp\/v2\/pages\/265\/"}],"collection":[{"href":"https:\/\/eram.ch\/fr\/wp-json\/wp\/v2\/pages\/"}],"about":[{"href":"https:\/\/eram.ch\/fr\/wp-json\/wp\/v2\/types\/page\/"}],"author":[{"embeddable":true,"href":"https:\/\/eram.ch\/fr\/wp-json\/wp\/v2\/users\/1\/"}],"replies":[{"embeddable":true,"href":"https:\/\/eram.ch\/fr\/wp-json\/wp\/v2\/comments\/?post=265"}],"version-history":[{"count":1,"href":"https:\/\/eram.ch\/fr\/wp-json\/wp\/v2\/pages\/265\/revisions\/"}],"predecessor-version":[{"id":266,"href":"https:\/\/eram.ch\/fr\/wp-json\/wp\/v2\/pages\/265\/revisions\/266\/"}],"wp:featuredmedia":[{"embeddable":true,"href":"https:\/\/eram.ch\/fr\/wp-json\/wp\/v2\/media\/789\/"}],"wp:attachment":[{"href":"https:\/\/eram.ch\/fr\/wp-json\/wp\/v2\/media\/?parent=265"}],"curies":[{"name":"wp","href":"https:\/\/api.w.org\/{rel}","templated":true}]}}