{"id":252,"date":"2016-07-04T17:19:26","date_gmt":"2016-07-04T17:19:26","guid":{"rendered":"http:\/\/eram.ch\/fr\/?page_id=252"},"modified":"2017-03-13T13:32:54","modified_gmt":"2017-03-13T13:32:54","slug":"mobilite","status":"publish","type":"page","link":"https:\/\/eram.ch\/fr\/branches\/mobilite\/","title":{"rendered":"Mobilit\u00e9"},"content":{"rendered":"<h1>DOMAINE D&#8217;UTILISATION<\/h1>\n<p>&nbsp;<\/p>\n<div class=\"floatbox\">\n<div class=\"contentWysiwyg\">\n<ul>\n<li>Automobile<\/li>\n<li>\n<div>Aviation<\/div>\n<\/li>\n<li>\n<div>V\u00e9los<\/div>\n<\/li>\n<li>\n<div>Camions<\/div>\n<\/li>\n<\/ul>\n<\/div>\n<\/div>\n<div class=\"contentDokumente\"><\/div>\n<div class=\"floatbox\">\n<h2>Pi\u00e8ces utilis\u00e9es<\/h2>\n<div class=\"contentWysiwyg\">\n<ul>\n<li>Chargeurs turbo<\/li>\n<li>Syst\u00e8mes de s\u00e9curit\u00e9<\/li>\n<li>Hydraulique<\/li>\n<li>Paliers de transmission<\/li>\n<li>Syst\u00e8mes d&#8217;\u00e9lectronique<\/li>\n<\/ul>\n<\/div>\n<\/div>\n","protected":false},"excerpt":{"rendered":"<p>DOMAINE D&#8217;UTILISATION &nbsp; Automobile Aviation V\u00e9los Camions Pi\u00e8ces utilis\u00e9es Chargeurs turbo Syst\u00e8mes de s\u00e9curit\u00e9 Hydraulique Paliers de transmission Syst\u00e8mes d&#8217;\u00e9lectronique<\/p>\n","protected":false},"author":1,"featured_media":789,"parent":265,"menu_order":0,"comment_status":"closed","ping_status":"closed","template":"","meta":[],"_links":{"self":[{"href":"https:\/\/eram.ch\/fr\/wp-json\/wp\/v2\/pages\/252\/"}],"collection":[{"href":"https:\/\/eram.ch\/fr\/wp-json\/wp\/v2\/pages\/"}],"about":[{"href":"https:\/\/eram.ch\/fr\/wp-json\/wp\/v2\/types\/page\/"}],"author":[{"embeddable":true,"href":"https:\/\/eram.ch\/fr\/wp-json\/wp\/v2\/users\/1\/"}],"replies":[{"embeddable":true,"href":"https:\/\/eram.ch\/fr\/wp-json\/wp\/v2\/comments\/?post=252"}],"version-history":[{"count":3,"href":"https:\/\/eram.ch\/fr\/wp-json\/wp\/v2\/pages\/252\/revisions\/"}],"predecessor-version":[{"id":918,"href":"https:\/\/eram.ch\/fr\/wp-json\/wp\/v2\/pages\/252\/revisions\/918\/"}],"up":[{"embeddable":true,"href":"https:\/\/eram.ch\/fr\/wp-json\/wp\/v2\/pages\/265\/"}],"wp:featuredmedia":[{"embeddable":true,"href":"https:\/\/eram.ch\/fr\/wp-json\/wp\/v2\/media\/789\/"}],"wp:attachment":[{"href":"https:\/\/eram.ch\/fr\/wp-json\/wp\/v2\/media\/?parent=252"}],"curies":[{"name":"wp","href":"https:\/\/api.w.org\/{rel}","templated":true}]}}