{"id":238,"date":"2016-07-04T16:54:05","date_gmt":"2016-07-04T16:54:05","guid":{"rendered":"http:\/\/eram.ch\/fr\/?page_id=238"},"modified":"2016-07-05T10:03:53","modified_gmt":"2016-07-05T10:03:53","slug":"238-2","status":"publish","type":"page","link":"https:\/\/eram.ch\/fr\/238-2\/","title":{"rendered":"Contact"},"content":{"rendered":"<h1>Contactez-nous<\/h1>\n<p>&nbsp;<\/p>\n<div role=\"form\" class=\"wpcf7\" id=\"wpcf7-f237-o1\" lang=\"en-US\" dir=\"ltr\">\n<div class=\"screen-reader-response\"><\/div>\n<form action=\"\/fr\/wp-json\/wp\/v2\/pages\/238\/#wpcf7-f237-o1\" method=\"post\" class=\"wpcf7-form\" enctype=\"multipart\/form-data\" novalidate=\"novalidate\">\n<div style=\"display: none;\">\n<input type=\"hidden\" name=\"_wpcf7\" value=\"237\" \/>\n<input type=\"hidden\" name=\"_wpcf7_version\" value=\"4.4.2\" \/>\n<input type=\"hidden\" name=\"_wpcf7_locale\" value=\"en_US\" \/>\n<input type=\"hidden\" name=\"_wpcf7_unit_tag\" value=\"wpcf7-f237-o1\" \/>\n<input type=\"hidden\" name=\"_wpnonce\" value=\"74551a902d\" \/>\n<\/div>\n<div class=\"contact-form clearfix\">\n<span class=\"wpcf7-form-control-wrap radio-625\"><span class=\"wpcf7-form-control wpcf7-radio field-radio\"><span class=\"wpcf7-list-item first\"><input type=\"radio\" name=\"radio-625\" value=\"Femme\" checked=\"checked\" \/>&nbsp;<span class=\"wpcf7-list-item-label\">Femme<\/span><\/span><span class=\"wpcf7-list-item last\"><input type=\"radio\" name=\"radio-625\" value=\"M\" \/>&nbsp;<span class=\"wpcf7-list-item-label\">M<\/span><\/span><\/span><\/span><\/p>\n<div class=\"row clearfix\">\n<div class=\"left column half-width\">\n<div class=\"column-inner\">\n<p><span class=\"wpcf7-form-control-wrap text-727\"><input type=\"text\" name=\"text-727\" value=\"\" size=\"40\" class=\"wpcf7-form-control wpcf7-text wpcf7-validates-as-required field\" id=\"text-727\" aria-required=\"true\" aria-invalid=\"false\" placeholder=\"Nom de familie*\" \/><\/span><\/p>\n<p><span class=\"wpcf7-form-control-wrap text-616\"><input type=\"text\" name=\"text-616\" value=\"\" size=\"40\" class=\"wpcf7-form-control wpcf7-text wpcf7-validates-as-required field\" aria-required=\"true\" aria-invalid=\"false\" placeholder=\"Enterprise*\" \/><\/span><\/p>\n<p><span class=\"wpcf7-form-control-wrap text-598\"><input type=\"text\" name=\"text-598\" value=\"\" size=\"40\" class=\"wpcf7-form-control wpcf7-text field\" aria-invalid=\"false\" placeholder=\"CP\/Lieu\" \/><\/span><\/p>\n<p><span class=\"wpcf7-form-control-wrap tel-679\"><input type=\"tel\" name=\"tel-679\" value=\"\" size=\"40\" class=\"wpcf7-form-control wpcf7-text wpcf7-tel wpcf7-validates-as-tel field\" aria-invalid=\"false\" placeholder=\"T\u00e9l\u00e9phone\" \/><\/span><\/p>\n<\/div>\n<\/div>\n<div class=\"column right half-width\">\n<div class=\"column-inner\">\n<p><span class=\"wpcf7-form-control-wrap text-986\"><input type=\"text\" name=\"text-986\" value=\"\" size=\"40\" class=\"wpcf7-form-control wpcf7-text wpcf7-validates-as-required field\" aria-required=\"true\" aria-invalid=\"false\" placeholder=\"Nom*\" \/><\/span><\/p>\n<p><span class=\"wpcf7-form-control-wrap text-127\"><input type=\"text\" name=\"text-127\" value=\"\" size=\"40\" class=\"wpcf7-form-control wpcf7-text field\" aria-invalid=\"false\" placeholder=\"Adresse\" \/><\/span><\/p>\n<p><span class=\"wpcf7-form-control-wrap text-941\"><input type=\"text\" name=\"text-941\" value=\"\" size=\"40\" class=\"wpcf7-form-control wpcf7-text field\" aria-invalid=\"false\" placeholder=\"Pays\" \/><\/span><\/p>\n<p><span class=\"wpcf7-form-control-wrap email-620\"><input type=\"email\" name=\"email-620\" value=\"\" size=\"40\" class=\"wpcf7-form-control wpcf7-text wpcf7-email wpcf7-validates-as-required wpcf7-validates-as-email field\" aria-required=\"true\" aria-invalid=\"false\" placeholder=\"Email*\" \/><\/span><\/p>\n<\/div>\n<\/div>\n<\/div>\n<p class=\"message\">Votre message:<br \/>\n    <span class=\"wpcf7-form-control-wrap your-message\"><textarea name=\"your-message\" cols=\"40\" rows=\"10\" class=\"wpcf7-form-control wpcf7-textarea\" aria-invalid=\"false\"><\/textarea><\/span> <\/p>\n<p class=\"file-upload\">Vorte document:<br \/>\n<span class=\"wpcf7-form-control-wrap file-381\"><input type=\"file\" name=\"file-381\" size=\"40\" class=\"wpcf7-form-control wpcf7-file file-field\" aria-invalid=\"false\" \/><\/span>\n<\/p>\n<p class=\"recaptcha\">S'il vous pla\u00eet prouver que vous \u00eates un \u00eatre humain<\/p>\n<p class=\"send-btn\"><input type=\"submit\" value=\"envoyer\" class=\"wpcf7-form-control wpcf7-submit\" \/><\/p>\n<\/div >\n<div class=\"wpcf7-response-output wpcf7-display-none\"><\/div><\/form><\/div>\n","protected":false},"excerpt":{"rendered":"<p>Contactez-nous &nbsp;<\/p>\n","protected":false},"author":1,"featured_media":145,"parent":0,"menu_order":0,"comment_status":"closed","ping_status":"closed","template":"","meta":[],"_links":{"self":[{"href":"https:\/\/eram.ch\/fr\/wp-json\/wp\/v2\/pages\/238\/"}],"collection":[{"href":"https:\/\/eram.ch\/fr\/wp-json\/wp\/v2\/pages\/"}],"about":[{"href":"https:\/\/eram.ch\/fr\/wp-json\/wp\/v2\/types\/page\/"}],"author":[{"embeddable":true,"href":"https:\/\/eram.ch\/fr\/wp-json\/wp\/v2\/users\/1\/"}],"replies":[{"embeddable":true,"href":"https:\/\/eram.ch\/fr\/wp-json\/wp\/v2\/comments\/?post=238"}],"version-history":[{"count":2,"href":"https:\/\/eram.ch\/fr\/wp-json\/wp\/v2\/pages\/238\/revisions\/"}],"predecessor-version":[{"id":461,"href":"https:\/\/eram.ch\/fr\/wp-json\/wp\/v2\/pages\/238\/revisions\/461\/"}],"wp:featuredmedia":[{"embeddable":true,"href":"https:\/\/eram.ch\/fr\/wp-json\/wp\/v2\/media\/145\/"}],"wp:attachment":[{"href":"https:\/\/eram.ch\/fr\/wp-json\/wp\/v2\/media\/?parent=238"}],"curies":[{"name":"wp","href":"https:\/\/api.w.org\/{rel}","templated":true}]}}